{"id":13,"date":"2021-12-16T13:27:02","date_gmt":"2021-12-16T13:27:02","guid":{"rendered":"https:\/\/mediumvioletred-jay-709233.hostingersite.com\/?page_id=13"},"modified":"2025-02-21T15:22:28","modified_gmt":"2025-02-21T15:22:28","slug":"etusivu","status":"publish","type":"page","link":"https:\/\/mediumvioletred-jay-709233.hostingersite.com\/sv\/","title":{"rendered":"Etusivu"},"content":{"rendered":"<p>[et_pb_section fb_built=&#8221;1&#8243; module_class=&#8221;flexed&#8221; _builder_version=&#8221;4.24.3&#8243; _module_preset=&#8221;default&#8221; background_image=&#8221;https:\/\/mediumvioletred-jay-709233.hostingersite.com\/wp-content\/uploads\/2024\/05\/taustakuva-scaled.jpg&#8221; min_height=&#8221;80vh&#8221; min_height_tablet=&#8221;auto&#8221; min_height_phone=&#8221;auto&#8221; min_height_last_edited=&#8221;on|phone&#8221; background_color_phone=&#8221;rgba(0,0,0,0.24)&#8221; background_last_edited=&#8221;on|phone&#8221; background_enable_color_phone=&#8221;on&#8221; background_blend_phone=&#8221;overlay&#8221; global_colors_info=&#8221;{}&#8221;][et_pb_row _builder_version=&#8221;4.16&#8243; _module_preset=&#8221;default&#8221; global_colors_info=&#8221;{}&#8221;][et_pb_column type=&#8221;4_4&#8243; _builder_version=&#8221;4.16&#8243; _module_preset=&#8221;default&#8221; global_colors_info=&#8221;{}&#8221;][et_pb_text _builder_version=&#8221;4.16&#8243; _module_preset=&#8221;default&#8221; header_font=&#8221;||||||||&#8221; header_font_size=&#8221;21px&#8221; header_2_font=&#8221;|700|||||||&#8221; header_2_font_size=&#8221;58px&#8221; text_orientation=&#8221;center&#8221; background_layout=&#8221;dark&#8221; header_font_size_tablet=&#8221;&#8221; header_font_size_phone=&#8221;28px&#8221; header_font_size_last_edited=&#8221;on|phone&#8221; header_2_font_size_tablet=&#8221;58px&#8221; header_2_font_size_phone=&#8221;26px&#8221; header_2_font_size_last_edited=&#8221;on|phone&#8221; global_colors_info=&#8221;{}&#8221;]<\/p>\n<h1>K\u00e4ytetyt leikkuupuimurit &#8211; ostamme ja myymme k\u00e4ytettyj\u00e4 maatalouskoneita<\/h1>\n<h2>OSTETAAN \/ MYYD\u00c4\u00c4N Leikkuupuimureita maatalouskoneita kuljetuskalustoa<\/h2>\n<p>&nbsp;<\/p>\n<h2>Handel med begagnade lantbruksmaskiner sk\u00f6rdetr\u00f6skor och Transportfordon<\/h2>\n<h2><\/h2>\n<h2>Trading with agricultural machinery<\/h2>\n<p>[\/et_pb_text][\/et_pb_column][\/et_pb_row][\/et_pb_section][et_pb_section fb_built=&#8221;1&#8243; _builder_version=&#8221;4.16&#8243; _module_preset=&#8221;default&#8221; background_color=&#8221;#00355b&#8221; global_colors_info=&#8221;{}&#8221;][et_pb_row column_structure=&#8221;1_2,1_2&#8243; module_class=&#8221;flexed&#8221; _builder_version=&#8221;4.16&#8243; _module_preset=&#8221;default&#8221; global_colors_info=&#8221;{}&#8221;][et_pb_column type=&#8221;1_2&#8243; _builder_version=&#8221;4.16&#8243; _module_preset=&#8221;default&#8221; global_colors_info=&#8221;{}&#8221;][et_pb_image src=&#8221;https:\/\/mediumvioletred-jay-709233.hostingersite.com\/wp-content\/uploads\/2021\/12\/IMG_0006.jpeg&#8221; alt=&#8221;IMG_2956&#8243; title_text=&#8221;IMG_0006&#8243; disabled_on=&#8221;off|off|on&#8221; _builder_version=&#8221;4.16&#8243; _module_preset=&#8221;default&#8221; global_colors_info=&#8221;{}&#8221;][\/et_pb_image][et_pb_image src=&#8221;https:\/\/mediumvioletred-jay-709233.hostingersite.com\/wp-content\/uploads\/2024\/11\/IMG_0315.jpeg&#8221; alt=&#8221;IMG_2956&#8243; title_text=&#8221;IMG_0008&#8243; disabled_on=&#8221;off|off|on&#8221; _builder_version=&#8221;4.24.3&#8243; _module_preset=&#8221;default&#8221; global_colors_info=&#8221;{}&#8221;][\/et_pb_image][et_pb_image src=&#8221;https:\/\/mediumvioletred-jay-709233.hostingersite.com\/wp-content\/uploads\/2022\/05\/krstrans_etusivu.jpg&#8221; alt=&#8221;IMG_2956&#8243; title_text=&#8221;krstrans_etusivu&#8221; show_in_lightbox=&#8221;on&#8221; force_fullwidth=&#8221;on&#8221; disabled_on=&#8221;off|off|on&#8221; _builder_version=&#8221;4.16&#8243; _module_preset=&#8221;default&#8221; width_tablet=&#8221;&#8221; width_phone=&#8221;100%&#8221; width_last_edited=&#8221;on|phone&#8221; global_colors_info=&#8221;{}&#8221;][\/et_pb_image][et_pb_text _builder_version=&#8221;4.27.4&#8243; _module_preset=&#8221;default&#8221; text_font=&#8221;Asar||||||||&#8221; text_font_size=&#8221;16px&#8221; text_letter_spacing=&#8221;1px&#8221; link_text_color=&#8221;#FFFFFF&#8221; header_2_font=&#8221;|700|||||||&#8221; header_5_font=&#8221;|||on|||||&#8221; header_5_text_color=&#8221;#89BD27&#8243; background_layout=&#8221;dark&#8221; min_height=&#8221;533px&#8221; custom_margin_tablet=&#8221;&#8221; custom_margin_phone=&#8221;50px||||false|false&#8221; custom_margin_last_edited=&#8221;on|phone&#8221; text_text_shadow_style=&#8221;preset1&#8243; text_text_shadow_horizontal_length=&#8221;0.02em&#8221; text_text_shadow_vertical_length=&#8221;0.09em&#8221; text_text_shadow_blur_strength=&#8221;0em&#8221; inline_fonts=&#8221;Alegreya SC,Alegreya&#8221; global_colors_info=&#8221;{}&#8221;]<\/p>\n<h5>Oy KrsTrans Ab<\/h5>\n<h2>Om oss<\/h2>\n<blockquote>\n<p><span style=\"color: #ffffff; font-family: Alegreya;\">Oy KrsTrans Ab on Kristiinankaupungissa toimiva suomalainen yritys joka ostaa ja myy k\u00e4ytettyj\u00e4 maatalouskoneita, laitteita, materiaalink\u00e4sittely- ja kuljetuskalustoa. V\u00e4lit\u00e4mme my\u00f6s asiakkaiden myynti- ja ostotoimeksiantoja.<\/span><\/p>\n<p>\u00a0Kest\u00e4v\u00e4\u00e4n kehitykseen kuuluu, ett\u00e4 k\u00e4ytetyt maatalouskoneet kunnostetaan ja niit\u00e4 k\u00e4ytet\u00e4\u00e4n niin pitk\u00e4\u00e4n kuin mahdollista. Osoituksena yrityksemme asiantuntevasta ja luotettavasta toiminnasta meille on my\u00f6nnetty Suomen vahvimmat platinasertifikaatti.<\/p>\n<p>\u00a0<span>Ostamme k\u00e4ytetyt leikkuupuimurit ja muut maatalouskoneet. N\u00e4ihin kuuluvat muun muassa leikkuupuimurit, traktorit, pikkupaalaimet, py\u00f6r\u00f6paalaimet, k\u00e4\u00e4rij\u00e4t, kylv\u00f6koneet, Kverneland- , \u00d6verum- ja Fiskars k\u00e4\u00e4nt\u00f6- ja sarka-aurat, perunapuimurit, per\u00e4k\u00e4rryt sek\u00e4 muut saman tyyppiset maatalouskoneet.<\/span><\/p>\n<p>\u00a0Toimialueeseemme kuuluu my\u00f6s maatalouden kuolinpesien arviointi. T\u00e4m\u00e4 tarkoittaa, ett\u00e4 teemme arvion ja ostotarjouksen kuolinpes\u00e4n koneista.<\/p>\n<p>\u00a0V\u00e5rt verksamhetsomr\u00e5de \u00e4r hela Finland.<span>\u00a0<\/span><a style=\"color: #89bd27; text-decoration: underline;\" href=\"https:\/\/mediumvioletred-jay-709233.hostingersite.com\/sv\/yhteystiedot\/\" rel=\"noopener noreferrer\" target=\"_blank\">yhteytt\u00e4<\/a>!<\/p>\n<p>&nbsp;<\/p>\n<\/blockquote>\n<p>Vi k\u00f6per:<\/p>\n<ul>\n<li><span style=\"color: #99cc00;\">Sk\u00f6rdetr\u00f6skor:<\/span> Sampo-Rosenlew, Massey-Ferguson, Volvo, Deutz-Fahr, New-Holland, Claas. \u00c4ven reservdels tr\u00f6skor, brandskadade tr\u00f6skor och reservdelar samt motorer hackare mfl.<\/li>\n<li><span style=\"font-size: 16px; color: #99cc00;\">Traktorer:<\/span><span style=\"font-size: 16px;\"> Alla m\u00e4rken, \u00e4ven reservdels och brandskadade traktorer.<\/span><\/li>\n<li><span style=\"font-size: 16px; color: #99cc00;\">Balmaskiner<\/span><span style=\"font-size: 16px;\"> John-Deere, Welger, Rivierre-Casalis och Claas<\/span><\/li>\n<li><span style=\"font-size: 16px;\">Elho 1010 och Kverneland <\/span><span style=\"font-size: 16px; color: #99cc00;\">lindare.<\/span><\/li>\n<li><span style=\"font-size: 16px;\">Kverneland <\/span><span style=\"font-size: 16px; color: #99cc00;\">Sv\u00e4ng- och Tegplogar<\/span><\/li>\n<li><span style=\"font-size: 16px; color: #99cc00;\">Potatistr\u00f6skor:<\/span><span style=\"font-size: 16px;\"> Grimme, Wuhlmaus och Perunapoika.<\/span><\/li>\n<li><span style=\"font-size: 16px; color: #99cc00;\">S\u00e5maskiner:<\/span><span style=\"font-size: 16px;\"> Simulta, Tume, V\u00e4derstad m.fl.<\/span><\/li>\n<li><span style=\"font-size: 16px;\">\u00c4ven andra <\/span><span style=\"font-size: 16px; color: #99cc00;\">lantbruksmaskiner<\/span><span style=\"font-size: 16px;\">, det l\u00f6nar sig att bjuda ut vad som finns!<\/span><\/li>\n<li><span style=\"font-size: 16px;\">\u00a0\u00c4ven <\/span><span style=\"font-size: 16px; color: #99cc00;\">bed\u00f6mning<\/span><span style=\"font-size: 16px;\"> och k\u00f6p av jordbruksgods.<\/span><\/li>\n<li><span style=\"font-size: 16px;\">Ta kontakt via e-post: krstrans@hotmail.fi eller telefon: 045-8865152<\/span><\/li>\n<li><span style=\"font-size: 16px;\">Vi s\u00e4ljer dessutom 50 mm begagnade j\u00e4rnr\u00f6r, aluminiumr\u00f6r och zinkr\u00f6r passande t.ex. h\u00e4st och hundhagar. F\u00f6rm\u00e5nlig transport!<\/span><\/li>\n<li><span style=\"font-size: 16px;\">T\u00e4ll\u00e4 hetkell\u00e4 myyt\u00e4v\u00e4n\u00e4 olevat vaihtokoneet l\u00f6ytyv\u00e4t yl\u00e4valikosta TORI.FI<\/span><\/li>\n<\/ul>\n<p>-Machines for sale you find on meny TORI.FI<\/p>\n<p><span style=\"font-size: 16px;\"><\/span><\/p>\n<p>&nbsp;<\/p>\n<p>&nbsp;<\/p>\n<p>[\/et_pb_text][et_pb_button button_url=&#8221;tel:0458865152&#8243; button_text=&#8221;045-8865152&#8243; _builder_version=&#8221;4.14.4&#8243; _module_preset=&#8221;default&#8221; custom_button=&#8221;on&#8221; button_icon=&#8221;&#xe090;||divi||400&#8243; button_icon_placement=&#8221;left&#8221; button_on_hover=&#8221;off&#8221; custom_padding=&#8221;13px|55px|13px|55px|true|true&#8221; global_module=&#8221;39&#8243; saved_tabs=&#8221;all&#8221; global_colors_info=&#8221;{}&#8221;][\/et_pb_button][\/et_pb_column][et_pb_column type=&#8221;1_2&#8243; _builder_version=&#8221;4.16&#8243; _module_preset=&#8221;default&#8221; global_colors_info=&#8221;{}&#8221;][et_pb_image src=&#8221;https:\/\/mediumvioletred-jay-709233.hostingersite.com\/wp-content\/uploads\/2021\/12\/IMG_0006.jpeg&#8221; alt=&#8221;IMG_2956&#8243; title_text=&#8221;IMG_0006&#8243; show_in_lightbox=&#8221;on&#8221; disabled_on=&#8221;on|on|off&#8221; _builder_version=&#8221;4.16&#8243; _module_preset=&#8221;default&#8221; width=&#8221;90%&#8221; width_last_edited=&#8221;off|desktop&#8221; global_colors_info=&#8221;{}&#8221;][\/et_pb_image][et_pb_image src=&#8221;https:\/\/mediumvioletred-jay-709233.hostingersite.com\/wp-content\/uploads\/2022\/11\/truck-min.jpeg&#8221; alt=&#8221;IMG_2956&#8243; title_text=&#8221;truck-min&#8221; show_in_lightbox=&#8221;on&#8221; disabled_on=&#8221;on|on|off&#8221; _builder_version=&#8221;4.16&#8243; _module_preset=&#8221;default&#8221; width=&#8221;90%&#8221; global_colors_info=&#8221;{}&#8221;][\/et_pb_image][et_pb_image src=&#8221;https:\/\/mediumvioletred-jay-709233.hostingersite.com\/wp-content\/uploads\/2022\/05\/krstrans_etusivu.jpg&#8221; alt=&#8221;IMG_2956&#8243; title_text=&#8221;krstrans_etusivu&#8221; show_in_lightbox=&#8221;on&#8221; disabled_on=&#8221;on|on|off&#8221; _builder_version=&#8221;4.16&#8243; _module_preset=&#8221;default&#8221; width=&#8221;90%&#8221; global_colors_info=&#8221;{}&#8221;][\/et_pb_image][\/et_pb_column][\/et_pb_row][et_pb_row column_structure=&#8221;1_3,1_3,1_3&#8243; _builder_version=&#8221;4.16&#8243; _module_preset=&#8221;default&#8221; custom_padding=&#8221;0px||0px||true|false&#8221; global_colors_info=&#8221;{}&#8221;][et_pb_column type=&#8221;1_3&#8243; _builder_version=&#8221;4.16&#8243; _module_preset=&#8221;default&#8221; global_colors_info=&#8221;{}&#8221;][\/et_pb_column][et_pb_column type=&#8221;1_3&#8243; _builder_version=&#8221;4.16&#8243; _module_preset=&#8221;default&#8221; global_colors_info=&#8221;{}&#8221;][\/et_pb_column][et_pb_column type=&#8221;1_3&#8243; _builder_version=&#8221;4.16&#8243; _module_preset=&#8221;default&#8221; global_colors_info=&#8221;{}&#8221;][\/et_pb_column][\/et_pb_row][\/et_pb_section][et_pb_section fb_built=&#8221;1&#8243; custom_padding_last_edited=&#8221;on|phone&#8221; _builder_version=&#8221;4.16&#8243; _module_preset=&#8221;default&#8221; custom_padding=&#8221;0px||0px||true|false&#8221; custom_padding_tablet=&#8221;0px||0px||true|false&#8221; custom_padding_phone=&#8221;0px||28px||false|false&#8221; global_colors_info=&#8221;{}&#8221;][et_pb_row column_structure=&#8221;1_3,1_3,1_3&#8243; module_class=&#8221;flexed&#8221; _builder_version=&#8221;4.16&#8243; _module_preset=&#8221;default&#8221; global_colors_info=&#8221;{}&#8221;][et_pb_column type=&#8221;1_3&#8243; _builder_version=&#8221;4.16&#8243; _module_preset=&#8221;default&#8221; global_colors_info=&#8221;{}&#8221;][et_pb_image src=&#8221;https:\/\/mediumvioletred-jay-709233.hostingersite.com\/wp-content\/uploads\/2025\/02\/IMG_3623.gif&#8221; alt=&#8221;AAA makonet 2022&#8243; title_text=&#8221;IMG_3623&#8243; align=&#8221;center&#8221; _builder_version=&#8221;4.27.4&#8243; _module_preset=&#8221;default&#8221; width=&#8221;55%&#8221; width_tablet=&#8221;44%&#8221; width_phone=&#8221;57%&#8221; width_last_edited=&#8221;on|phone&#8221; min_height=&#8221;57px&#8221; custom_margin=&#8221;18px||||false|false&#8221; global_colors_info=&#8221;{}&#8221;][\/et_pb_image][\/et_pb_column][et_pb_column type=&#8221;1_3&#8243; _builder_version=&#8221;4.16&#8243; _module_preset=&#8221;default&#8221; global_colors_info=&#8221;{}&#8221;][et_pb_image src=&#8221;https:\/\/mediumvioletred-jay-709233.hostingersite.com\/wp-content\/uploads\/2023\/06\/logo.png&#8221; alt=&#8221;Nayttokuva_2021-6-22_kello_14.38.45&#8243; title_text=&#8221;logo&#8221; align=&#8221;center&#8221; _builder_version=&#8221;4.16&#8243; _module_preset=&#8221;default&#8221; width=&#8221;100%&#8221; width_tablet=&#8221;&#8221; width_phone=&#8221;40%&#8221; width_last_edited=&#8221;on|phone&#8221; max_width=&#8221;100%&#8221; global_colors_info=&#8221;{}&#8221;][\/et_pb_image][\/et_pb_column][et_pb_column type=&#8221;1_3&#8243; _builder_version=&#8221;4.16&#8243; _module_preset=&#8221;default&#8221; global_colors_info=&#8221;{}&#8221;][et_pb_image src=&#8221;https:\/\/mediumvioletred-jay-709233.hostingersite.com\/wp-content\/uploads\/2023\/09\/Kestomenestyjat-2v-Email-FI-2023.png&#8221; title_text=&#8221;Kestomenestyjat-2v-Email-FI-2023&#8243; _builder_version=&#8221;4.16&#8243; _module_preset=&#8221;default&#8221; custom_padding=&#8221;|0px||||&#8221; global_colors_info=&#8221;{}&#8221;][\/et_pb_image][\/et_pb_column][\/et_pb_row][\/et_pb_section]<\/p>","protected":false},"excerpt":{"rendered":"<p>K\u00e4ytetyt leikkuupuimurit &#8211; ostamme ja myymme k\u00e4ytettyj\u00e4 maatalouskoneita OSTETAAN \/ MYYD\u00c4\u00c4N Leikkuupuimureita maatalouskoneita kuljetuskalustoa &nbsp; Handel med begagnade lantbruksmaskiner sk\u00f6rdetr\u00f6skor och Transportfordon Trading with agricultural machineryOy KrsTrans Ab Meist\u00e4 Oy KrsTrans Ab on Kristiinankaupungissa toimiva suomalainen yritys joka ostaa ja myy k\u00e4ytettyj\u00e4 maatalouskoneita, laitteita, materiaalink\u00e4sittely- ja kuljetuskalustoa. V\u00e4lit\u00e4mme my\u00f6s asiakkaiden myynti- ja ostotoimeksiantoja. \u00a0Kest\u00e4v\u00e4\u00e4n kehitykseen kuuluu, ett\u00e4 k\u00e4ytetyt maatalouskoneet kunnostetaan ja niit\u00e4 k\u00e4ytet\u00e4\u00e4n niin pitk\u00e4\u00e4n kuin mahdollista. Osoituksena yrityksemme asiantuntevasta ja luotettavasta toiminnasta meille on my\u00f6nnetty Suomen vahvimmat platinasertifikaatti. \u00a0Ostamme k\u00e4ytetyt leikkuupuimurit ja muut maatalouskoneet. N\u00e4ihin kuuluvat muun muassa leikkuupuimurit, traktorit, pikkupaalaimet, py\u00f6r\u00f6paalaimet, k\u00e4\u00e4rij\u00e4t, kylv\u00f6koneet, Kverneland- , \u00d6verum- ja Fiskars k\u00e4\u00e4nt\u00f6- ja sarka-aurat, perunapuimurit, per\u00e4k\u00e4rryt sek\u00e4 muut saman tyyppiset maatalouskoneet. \u00a0Toimialueeseemme kuuluu my\u00f6s maatalouden kuolinpesien arviointi. T\u00e4m\u00e4 tarkoittaa, ett\u00e4 teemme arvion ja ostotarjouksen kuolinpes\u00e4n koneista. \u00a0Toimialueemme on koko Suomi. Ota\u00a0yhteytt\u00e4! &nbsp; Ostamme koko Suomessa: Leikkuupuimurit: Sampo-Rosenlew, Massey-Ferguson, Volvo, Deutz-Fahr, John-Deere, New-Holland ja Claas, my\u00f6s palovaurioituneet, varaosakoneet, sek\u00e4 varaosat, esim: silppurit, moottorit hytit ym. Traktorit: Kaikki merkit. Ostamme my\u00f6s varaosa- sek\u00e4 palovaurioituneet traktorit. Py\u00f6r\u00f6paalaimet ja pikkupaalaimet: John-Deere,Welger ja Claas. Hinattavia Elhon 1010 sek\u00e4 Kverneland k\u00e4\u00e4rij\u00f6it\u00e4. Kverneland k\u00e4\u00e4nt\u00f6 ja sarka-aurat. Perunapuimurit Grimme, Wuhlmaus sek\u00e4 Perunapoika. Kylv\u00f6koneet: Simulta, Tume, V\u00e4derstad ym. My\u00f6s muut maatalouskoneet; kannattaa ottaa yhteytt\u00e4 ja tarjota mit\u00e4 l\u00f6ytyy! \u00a0Lis\u00e4ksi my\u00f6s [&hellip;]<\/p>","protected":false},"author":3,"featured_media":0,"parent":0,"menu_order":0,"comment_status":"closed","ping_status":"closed","template":"","meta":{"_et_pb_use_builder":"on","_et_pb_old_content":"<!-- wp:divi\/placeholder \/-->","_et_gb_content_width":"","footnotes":""},"class_list":["post-13","page","type-page","status-publish","hentry"],"jetpack_sharing_enabled":true,"_links":{"self":[{"href":"https:\/\/mediumvioletred-jay-709233.hostingersite.com\/sv\/wp-json\/wp\/v2\/pages\/13","targetHints":{"allow":["GET"]}}],"collection":[{"href":"https:\/\/mediumvioletred-jay-709233.hostingersite.com\/sv\/wp-json\/wp\/v2\/pages"}],"about":[{"href":"https:\/\/mediumvioletred-jay-709233.hostingersite.com\/sv\/wp-json\/wp\/v2\/types\/page"}],"author":[{"embeddable":true,"href":"https:\/\/mediumvioletred-jay-709233.hostingersite.com\/sv\/wp-json\/wp\/v2\/users\/3"}],"replies":[{"embeddable":true,"href":"https:\/\/mediumvioletred-jay-709233.hostingersite.com\/sv\/wp-json\/wp\/v2\/comments?post=13"}],"version-history":[{"count":113,"href":"https:\/\/mediumvioletred-jay-709233.hostingersite.com\/sv\/wp-json\/wp\/v2\/pages\/13\/revisions"}],"predecessor-version":[{"id":1881,"href":"https:\/\/mediumvioletred-jay-709233.hostingersite.com\/sv\/wp-json\/wp\/v2\/pages\/13\/revisions\/1881"}],"wp:attachment":[{"href":"https:\/\/mediumvioletred-jay-709233.hostingersite.com\/sv\/wp-json\/wp\/v2\/media?parent=13"}],"curies":[{"name":"wp","href":"https:\/\/api.w.org\/{rel}","templated":true}]}}