{"id":19,"date":"2021-12-16T13:27:30","date_gmt":"2021-12-16T13:27:30","guid":{"rendered":"https:\/\/mediumvioletred-jay-709233.hostingersite.com\/?page_id=19"},"modified":"2023-08-26T17:27:12","modified_gmt":"2023-08-26T17:27:12","slug":"ostetaan","status":"publish","type":"page","link":"https:\/\/mediumvioletred-jay-709233.hostingersite.com\/sv\/ostetaan\/","title":{"rendered":"K\u00f6pes"},"content":{"rendered":"<p>[et_pb_section fb_built=&#8221;1&#8243; module_class=&#8221;flexed&#8221; _builder_version=&#8221;4.14.4&#8243; _module_preset=&#8221;default&#8221; background_color=&#8221;rgba(0,0,0,0.24)&#8221; background_image=&#8221;https:\/\/mediumvioletred-jay-709233.hostingersite.com\/wp-content\/uploads\/2021\/12\/IMG_7297-scaled.jpeg&#8221; background_blend=&#8221;overlay&#8221; min_height=&#8221;70vh&#8221; min_height_tablet=&#8221;auto&#8221; min_height_phone=&#8221;auto&#8221; min_height_last_edited=&#8221;on|tablet&#8221; global_colors_info=&#8221;{}&#8221;][et_pb_row _builder_version=&#8221;4.14.2&#8243; _module_preset=&#8221;default&#8221; global_colors_info=&#8221;{}&#8221;][et_pb_column type=&#8221;4_4&#8243; _builder_version=&#8221;4.14.2&#8243; _module_preset=&#8221;default&#8221; global_colors_info=&#8221;{}&#8221;][et_pb_text _builder_version=&#8221;4.14.4&#8243; _module_preset=&#8221;default&#8221; header_font=&#8221;|700|||||||&#8221; text_orientation=&#8221;center&#8221; background_layout=&#8221;dark&#8221; global_colors_info=&#8221;{}&#8221;]<\/p>\n<h1>K\u00f6pes<\/h1>\n<p>[\/et_pb_text][\/et_pb_column][\/et_pb_row][\/et_pb_section][et_pb_section fb_built=&#8221;1&#8243; _builder_version=&#8221;4.14.4&#8243; _module_preset=&#8221;default&#8221; background_color=&#8221;#00355B&#8221; global_colors_info=&#8221;{}&#8221;][et_pb_row column_structure=&#8221;3_4,1_4&#8243; _builder_version=&#8221;4.14.4&#8243; _module_preset=&#8221;default&#8221; locked=&#8221;off&#8221; global_colors_info=&#8221;{}&#8221;][et_pb_column type=&#8221;3_4&#8243; _builder_version=&#8221;4.14.4&#8243; _module_preset=&#8221;default&#8221; global_colors_info=&#8221;{}&#8221;][et_pb_text _builder_version=&#8221;4.14.4&#8243; _module_preset=&#8221;default&#8221; header_2_font=&#8221;|700|||||||&#8221; header_5_font=&#8221;|||on|||||&#8221; header_5_text_color=&#8221;#89BD27&#8243; background_layout=&#8221;dark&#8221; global_colors_info=&#8221;{}&#8221;]<\/p>\n<h5>Fyll I nedanst\u00e5ende blankett, s\u00e5 kontaktar vi dig<\/h5>\n<h2>BJUD UT BEGAGAGNADE LANTBRUKSMASKINER<\/h2>\n<p>&nbsp;<\/p>\n<p>[\/et_pb_text][et_pb_code disabled_on=&#8221;off|off|off&#8221; _builder_version=&#8221;4.14.4&#8243; _module_preset=&#8221;default&#8221; hover_enabled=&#8221;0&#8243; global_colors_info=&#8221;{}&#8221; sticky_enabled=&#8221;0&#8243;]\n<div class=\"wpcf7 no-js\" id=\"wpcf7-f283-o1\" lang=\"en-US\" dir=\"ltr\" data-wpcf7-id=\"283\">\n<div class=\"screen-reader-response\"><p role=\"status\" aria-live=\"polite\" aria-atomic=\"true\"><\/p> <ul><\/ul><\/div>\n<form action=\"\/sv\/wp-json\/wp\/v2\/pages\/19#wpcf7-f283-o1\" method=\"post\" class=\"wpcf7-form init\" aria-label=\"Contact form\" enctype=\"multipart\/form-data\" novalidate=\"novalidate\" data-status=\"init\" data-trp-original-action=\"\/sv\/wp-json\/wp\/v2\/pages\/19#wpcf7-f283-o1\">\n<div style=\"display: none;\">\n<input type=\"hidden\" name=\"_wpcf7\" value=\"283\" \/>\n<input type=\"hidden\" name=\"_wpcf7_version\" value=\"6.0.6\" \/>\n<input type=\"hidden\" name=\"_wpcf7_locale\" value=\"en_US\" \/>\n<input type=\"hidden\" name=\"_wpcf7_unit_tag\" value=\"wpcf7-f283-o1\" \/>\n<input type=\"hidden\" name=\"_wpcf7_container_post\" value=\"0\" \/>\n<input type=\"hidden\" name=\"_wpcf7_posted_data_hash\" value=\"\" \/>\n<\/div>\n<p><label> Jag<br \/>\n<span class=\"wpcf7-form-control-wrap\" data-name=\"Haluan\"><span class=\"wpcf7-form-control wpcf7-radio\" id=\"haluan\"><span class=\"wpcf7-list-item first\"><label><input type=\"radio\" name=\"Haluan\" value=\"tarjota koneita ostettavaksi\" checked=\"checked\" \/><span class=\"wpcf7-list-item-label\">Jag bjuder ut maskiner till f\u00f6rs\u00e4ljing<\/span><\/label><\/span><span class=\"wpcf7-list-item\"><label><input type=\"radio\" name=\"Haluan\" value=\"tarjota koneita v\u00e4litysmyyntiin\" \/><span class=\"wpcf7-list-item-label\">Jag bjuder ut maskiner till f\u00f6rmedling<\/span><\/label><\/span><span class=\"wpcf7-list-item last\"><label><input type=\"radio\" name=\"Haluan\" value=\"ostaa\" \/><span class=\"wpcf7-list-item-label\">Jag vill k\u00f6pa<\/span><\/label><\/span><\/span><\/span> <\/label>\n<\/p>\n<p><label> Maskintyp<br \/>\n<span class=\"wpcf7-form-control-wrap\" data-name=\"Konetyyppi\"><input size=\"40\" maxlength=\"400\" class=\"wpcf7-form-control wpcf7-text wpcf7-validates-as-required\" id=\"konetyyppi\" aria-required=\"true\" aria-invalid=\"false\" value=\"\" type=\"text\" name=\"Konetyyppi\" \/><\/span> <\/label>\n<\/p>\n<p><label> M\u00e4rke<br \/>\n<span class=\"wpcf7-form-control-wrap\" data-name=\"Koneen-merkki\"><input size=\"40\" maxlength=\"400\" class=\"wpcf7-form-control wpcf7-text\" id=\"koneen-merkki\" aria-invalid=\"false\" value=\"\" type=\"text\" name=\"Koneen-merkki\" \/><\/span> <\/label>\n<\/p>\n<p><label> Modell<br \/>\n<span class=\"wpcf7-form-control-wrap\" data-name=\"Koneen-malli\"><input size=\"40\" maxlength=\"400\" class=\"wpcf7-form-control wpcf7-text\" id=\"koneen-malli\" aria-invalid=\"false\" value=\"\" type=\"text\" name=\"Koneen-malli\" \/><\/span> <\/label>\n<\/p>\n<p><label> \u00c5rsmodell<br \/>\n<span class=\"wpcf7-form-control-wrap\" data-name=\"Vuosimalli\"><input size=\"40\" maxlength=\"400\" class=\"wpcf7-form-control wpcf7-text\" id=\"vuosimalli\" aria-invalid=\"false\" value=\"\" type=\"text\" name=\"Vuosimalli\" \/><\/span> <\/label>\n<\/p>\n<p><label> Brukstimmar el km<br \/>\n<span class=\"wpcf7-form-control-wrap\" data-name=\"Kytttunnittaiajetutkilometrit\"><input size=\"40\" maxlength=\"400\" class=\"wpcf7-form-control wpcf7-text\" id=\"Kytttunnittaiajetutkilometrit\" aria-invalid=\"false\" value=\"\" type=\"text\" name=\"Kytttunnittaiajetutkilometrit\" \/><\/span> <\/label>\n<\/p>\n<p><label> Maskinens ort<br \/>\n<span class=\"wpcf7-form-control-wrap\" data-name=\"Koneen-sijainti\"><input size=\"40\" maxlength=\"400\" class=\"wpcf7-form-control wpcf7-text wpcf7-validates-as-required\" id=\"koneen-sijainti\" aria-required=\"true\" aria-invalid=\"false\" value=\"\" type=\"text\" name=\"Koneen-sijainti\" \/><\/span> <\/label>\n<\/p>\n<p><label> Till\u00e4ggsutrustning<br \/>\n<span class=\"wpcf7-form-control-wrap\" data-name=\"Lisvarusteet\"><textarea cols=\"40\" rows=\"10\" maxlength=\"2000\" class=\"wpcf7-form-control wpcf7-textarea\" id=\"lisvarusteet\" aria-invalid=\"false\" name=\"Lisvarusteet\"><\/textarea><\/span> <\/label>\n<\/p>\n<p><label> Pris<br \/>\n<span class=\"wpcf7-form-control-wrap\" data-name=\"Hinta\"><span class=\"wpcf7-form-control wpcf7-radio\" id=\"hinta-1\"><span class=\"wpcf7-list-item first\"><label><input type=\"radio\" name=\"Hinta\" value=\"sis\u00e4lt\u00e4\u00e4 alv 24%\" checked=\"checked\" \/><span class=\"wpcf7-list-item-label\">moms 24%<\/span><\/label><\/span><span class=\"wpcf7-list-item last\"><label><input type=\"radio\" name=\"Hinta\" value=\"marginaaliverollinen\" \/><span class=\"wpcf7-list-item-label\">marginalskatt<\/span><\/label><\/span><\/span><\/span> <\/label>\n<\/p>\n<p><label> Pris<br \/>\n<span class=\"wpcf7-form-control-wrap\" data-name=\"Hinta\"><input size=\"40\" maxlength=\"400\" class=\"wpcf7-form-control wpcf7-text\" id=\"hinta\" aria-invalid=\"false\" value=\"\" type=\"text\" name=\"Hinta\" \/><\/span> <\/label>\n<\/p>\n<p><label> Till\u00e4ggsutrustning<br \/>\n<span class=\"wpcf7-form-control-wrap\" data-name=\"Listietoja\"><textarea cols=\"40\" rows=\"10\" maxlength=\"2000\" class=\"wpcf7-form-control wpcf7-textarea\" id=\"listietoja\" aria-invalid=\"false\" name=\"Listietoja\"><\/textarea><\/span> <\/label>\n<\/p>\n<p><label> Till\u00e4ggsutrustning<br \/>\nFlytta filerna el bilderna hit<br \/>\n<span class=\"wpcf7-form-control-wrap\" data-name=\"Liita-kuvia\"><input size=\"40\" class=\"wpcf7-form-control wpcf7-file\" accept=\".jpg,.pdf,.png,.gif\" aria-invalid=\"false\" type=\"file\" name=\"Liita-kuvia\" \/><\/span> <\/label>\n<\/p>\n<p> Till\u00e5tna filer: jpg, gif, png, pdf, Max. tiedoston koko: 10 MB, Max. filer: 5\n<\/p>\n<p><label> Namn<br \/>\n<span class=\"wpcf7-form-control-wrap\" data-name=\"Nimi\"><input size=\"40\" maxlength=\"400\" class=\"wpcf7-form-control wpcf7-text wpcf7-validates-as-required\" id=\"nimi\" aria-required=\"true\" aria-invalid=\"false\" value=\"\" type=\"text\" name=\"Nimi\" \/><\/span> <\/label>\n<\/p>\n<p><label> Adress<br \/>\n<span class=\"wpcf7-form-control-wrap\" data-name=\"Osoite\"><input size=\"40\" maxlength=\"400\" class=\"wpcf7-form-control wpcf7-text wpcf7-validates-as-required\" id=\"osoite\" aria-required=\"true\" aria-invalid=\"false\" value=\"\" type=\"text\" name=\"Osoite\" \/><\/span> <\/label>\n<\/p>\n<p><label> Telefon<br \/>\n<span class=\"wpcf7-form-control-wrap\" data-name=\"Puhelinnumero\"><input size=\"40\" maxlength=\"400\" class=\"wpcf7-form-control wpcf7-tel wpcf7-validates-as-required wpcf7-text wpcf7-validates-as-tel\" id=\"puhelinnumero\" aria-required=\"true\" aria-invalid=\"false\" value=\"\" type=\"tel\" name=\"Puhelinnumero\" \/><\/span> <\/label>\n<\/p>\n<p><label> Epost<br \/>\n<span class=\"wpcf7-form-control-wrap\" data-name=\"Sahkposti\"><input size=\"40\" maxlength=\"400\" class=\"wpcf7-form-control wpcf7-email wpcf7-validates-as-required wpcf7-text wpcf7-validates-as-email\" id=\"shkposti\" aria-required=\"true\" aria-invalid=\"false\" value=\"\" type=\"email\" name=\"Sahkposti\" \/><\/span> <\/label>\n<\/p>\n<p><button class=\"wpcf7-form-control wpcf7-submit has-spinner et_pb_button et_pb_bg_layout_light\" type=\"submit\" value=\"L\u00e4het\u00e4\">skicka<\/button>\n<\/p><div class=\"wpcf7-response-output\" aria-hidden=\"true\"><\/div>\n<input type=\"hidden\" name=\"trp-form-language\" value=\"sv\"\/><\/form>\n<\/div>\n[\/et_pb_code][\/et_pb_column][et_pb_column type=&#8221;1_4&#8243; _builder_version=&#8221;4.14.4&#8243; _module_preset=&#8221;default&#8221; global_colors_info=&#8221;{}&#8221;][\/et_pb_column][\/et_pb_row][\/et_pb_section]<\/p>","protected":false},"excerpt":{"rendered":"<p>OstetaanT\u00e4yt\u00e4 oheinen lomake, niin olemme yhteydess\u00e4 sinuun. Ostetaan k\u00e4ytettyj\u00e4 maaTALOUS SEK\u00c4 mets\u00e4talouskoneita &nbsp;\n<div class=\"wpcf7 no-js\" id=\"wpcf7-f283-o2\" lang=\"en-US\" dir=\"ltr\" data-wpcf7-id=\"283\">\n<div class=\"screen-reader-response\"><p role=\"status\" aria-live=\"polite\" aria-atomic=\"true\"><\/p> <ul><\/ul><\/div>\n<form action=\"\/sv\/wp-json\/wp\/v2\/pages\/19#wpcf7-f283-o2\" method=\"post\" class=\"wpcf7-form init\" aria-label=\"Contact form\" enctype=\"multipart\/form-data\" novalidate=\"novalidate\" data-status=\"init\" data-trp-original-action=\"\/sv\/wp-json\/wp\/v2\/pages\/19#wpcf7-f283-o2\">\n<div style=\"display: none;\">\n<input type=\"hidden\" name=\"_wpcf7\" value=\"283\" \/>\n<input type=\"hidden\" name=\"_wpcf7_version\" value=\"6.0.6\" \/>\n<input type=\"hidden\" name=\"_wpcf7_locale\" value=\"en_US\" \/>\n<input type=\"hidden\" name=\"_wpcf7_unit_tag\" value=\"wpcf7-f283-o2\" \/>\n<input type=\"hidden\" name=\"_wpcf7_container_post\" value=\"0\" \/>\n<input type=\"hidden\" name=\"_wpcf7_posted_data_hash\" value=\"\" \/>\n<\/div>\n<p><label> Jag<br \/>\n<span class=\"wpcf7-form-control-wrap\" data-name=\"Haluan\"><span class=\"wpcf7-form-control wpcf7-radio\"><span class=\"wpcf7-list-item first\"><label><input type=\"radio\" name=\"Haluan\" value=\"tarjota koneita ostettavaksi\" checked=\"checked\" \/><span class=\"wpcf7-list-item-label\">Jag bjuder ut maskiner till f\u00f6rs\u00e4ljing<\/span><\/label><\/span><span class=\"wpcf7-list-item\"><label><input type=\"radio\" name=\"Haluan\" value=\"tarjota koneita v\u00e4litysmyyntiin\" \/><span class=\"wpcf7-list-item-label\">Jag bjuder ut maskiner till f\u00f6rmedling<\/span><\/label><\/span><span class=\"wpcf7-list-item last\"><label><input type=\"radio\" name=\"Haluan\" value=\"ostaa\" \/><span class=\"wpcf7-list-item-label\">Jag vill k\u00f6pa<\/span><\/label><\/span><\/span><\/span> <\/label>\n<\/p>\n<p><label> Maskintyp<br \/>\n<span class=\"wpcf7-form-control-wrap\" data-name=\"Konetyyppi\"><input size=\"40\" maxlength=\"400\" class=\"wpcf7-form-control wpcf7-text wpcf7-validates-as-required\" aria-required=\"true\" aria-invalid=\"false\" value=\"\" type=\"text\" name=\"Konetyyppi\" \/><\/span> <\/label>\n<\/p>\n<p><label> M\u00e4rke<br \/>\n<span class=\"wpcf7-form-control-wrap\" data-name=\"Koneen-merkki\"><input size=\"40\" maxlength=\"400\" class=\"wpcf7-form-control wpcf7-text\" aria-invalid=\"false\" value=\"\" type=\"text\" name=\"Koneen-merkki\" \/><\/span> <\/label>\n<\/p>\n<p><label> Modell<br \/>\n<span class=\"wpcf7-form-control-wrap\" data-name=\"Koneen-malli\"><input size=\"40\" maxlength=\"400\" class=\"wpcf7-form-control wpcf7-text\" aria-invalid=\"false\" value=\"\" type=\"text\" name=\"Koneen-malli\" \/><\/span> <\/label>\n<\/p>\n<p><label> \u00c5rsmodell<br \/>\n<span class=\"wpcf7-form-control-wrap\" data-name=\"Vuosimalli\"><input size=\"40\" maxlength=\"400\" class=\"wpcf7-form-control wpcf7-text\" aria-invalid=\"false\" value=\"\" type=\"text\" name=\"Vuosimalli\" \/><\/span> <\/label>\n<\/p>\n<p><label> Brukstimmar el km<br \/>\n<span class=\"wpcf7-form-control-wrap\" data-name=\"Kytttunnittaiajetutkilometrit\"><input size=\"40\" maxlength=\"400\" class=\"wpcf7-form-control wpcf7-text\" aria-invalid=\"false\" value=\"\" type=\"text\" name=\"Kytttunnittaiajetutkilometrit\" \/><\/span> <\/label>\n<\/p>\n<p><label> Maskinens ort<br \/>\n<span class=\"wpcf7-form-control-wrap\" data-name=\"Koneen-sijainti\"><input size=\"40\" maxlength=\"400\" class=\"wpcf7-form-control wpcf7-text wpcf7-validates-as-required\" aria-required=\"true\" aria-invalid=\"false\" value=\"\" type=\"text\" name=\"Koneen-sijainti\" \/><\/span> <\/label>\n<\/p>\n<p><label> Till\u00e4ggsutrustning<br \/>\n<span class=\"wpcf7-form-control-wrap\" data-name=\"Lisvarusteet\"><textarea cols=\"40\" rows=\"10\" maxlength=\"2000\" class=\"wpcf7-form-control wpcf7-textarea\" aria-invalid=\"false\" name=\"Lisvarusteet\"><\/textarea><\/span> <\/label>\n<\/p>\n<p><label> Pris<br \/>\n<span class=\"wpcf7-form-control-wrap\" data-name=\"Hinta\"><span class=\"wpcf7-form-control wpcf7-radio\"><span class=\"wpcf7-list-item first\"><label><input type=\"radio\" name=\"Hinta\" value=\"sis\u00e4lt\u00e4\u00e4 alv 24%\" checked=\"checked\" \/><span class=\"wpcf7-list-item-label\">moms 24%<\/span><\/label><\/span><span class=\"wpcf7-list-item last\"><label><input type=\"radio\" name=\"Hinta\" value=\"marginaaliverollinen\" \/><span class=\"wpcf7-list-item-label\">marginalskatt<\/span><\/label><\/span><\/span><\/span> <\/label>\n<\/p>\n<p><label> Pris<br \/>\n<span class=\"wpcf7-form-control-wrap\" data-name=\"Hinta\"><input size=\"40\" maxlength=\"400\" class=\"wpcf7-form-control wpcf7-text\" aria-invalid=\"false\" value=\"\" type=\"text\" name=\"Hinta\" \/><\/span> <\/label>\n<\/p>\n<p><label> Till\u00e4ggsutrustning<br \/>\n<span class=\"wpcf7-form-control-wrap\" data-name=\"Listietoja\"><textarea cols=\"40\" rows=\"10\" maxlength=\"2000\" class=\"wpcf7-form-control wpcf7-textarea\" aria-invalid=\"false\" name=\"Listietoja\"><\/textarea><\/span> <\/label>\n<\/p>\n<p><label> Till\u00e4ggsutrustning<br \/>\nFlytta filerna el bilderna hit<br \/>\n<span class=\"wpcf7-form-control-wrap\" data-name=\"Liita-kuvia\"><input size=\"40\" class=\"wpcf7-form-control wpcf7-file\" accept=\".jpg,.pdf,.png,.gif\" aria-invalid=\"false\" type=\"file\" name=\"Liita-kuvia\" \/><\/span> <\/label>\n<\/p>\n<p> Till\u00e5tna filer: jpg, gif, png, pdf, Max. tiedoston koko: 10 MB, Max. filer: 5\n<\/p>\n<p><label> Namn<br \/>\n<span class=\"wpcf7-form-control-wrap\" data-name=\"Nimi\"><input size=\"40\" maxlength=\"400\" class=\"wpcf7-form-control wpcf7-text wpcf7-validates-as-required\" aria-required=\"true\" aria-invalid=\"false\" value=\"\" type=\"text\" name=\"Nimi\" \/><\/span> <\/label>\n<\/p>\n<p><label> Adress<br \/>\n<span class=\"wpcf7-form-control-wrap\" data-name=\"Osoite\"><input size=\"40\" maxlength=\"400\" class=\"wpcf7-form-control wpcf7-text wpcf7-validates-as-required\" aria-required=\"true\" aria-invalid=\"false\" value=\"\" type=\"text\" name=\"Osoite\" \/><\/span> <\/label>\n<\/p>\n<p><label> Telefon<br \/>\n<span class=\"wpcf7-form-control-wrap\" data-name=\"Puhelinnumero\"><input size=\"40\" maxlength=\"400\" class=\"wpcf7-form-control wpcf7-tel wpcf7-validates-as-required wpcf7-text wpcf7-validates-as-tel\" aria-required=\"true\" aria-invalid=\"false\" value=\"\" type=\"tel\" name=\"Puhelinnumero\" \/><\/span> <\/label>\n<\/p>\n<p><label> Epost<br \/>\n<span class=\"wpcf7-form-control-wrap\" data-name=\"Sahkposti\"><input size=\"40\" maxlength=\"400\" class=\"wpcf7-form-control wpcf7-email wpcf7-validates-as-required wpcf7-text wpcf7-validates-as-email\" aria-required=\"true\" aria-invalid=\"false\" value=\"\" type=\"email\" name=\"Sahkposti\" \/><\/span> <\/label>\n<\/p>\n<p><button class=\"wpcf7-form-control wpcf7-submit has-spinner et_pb_button et_pb_bg_layout_light\" type=\"submit\" value=\"L\u00e4het\u00e4\">skicka<\/button>\n<\/p><div class=\"wpcf7-response-output\" aria-hidden=\"true\"><\/div>\n<input type=\"hidden\" name=\"trp-form-language\" value=\"sv\"\/><\/form>\n<\/div>\n<\/p>","protected":false},"author":3,"featured_media":0,"parent":0,"menu_order":0,"comment_status":"closed","ping_status":"closed","template":"","meta":{"_et_pb_use_builder":"on","_et_pb_old_content":"<!-- wp:divi\/placeholder \/-->","_et_gb_content_width":"","footnotes":""},"class_list":["post-19","page","type-page","status-publish","hentry"],"jetpack_sharing_enabled":true,"_links":{"self":[{"href":"https:\/\/mediumvioletred-jay-709233.hostingersite.com\/sv\/wp-json\/wp\/v2\/pages\/19","targetHints":{"allow":["GET"]}}],"collection":[{"href":"https:\/\/mediumvioletred-jay-709233.hostingersite.com\/sv\/wp-json\/wp\/v2\/pages"}],"about":[{"href":"https:\/\/mediumvioletred-jay-709233.hostingersite.com\/sv\/wp-json\/wp\/v2\/types\/page"}],"author":[{"embeddable":true,"href":"https:\/\/mediumvioletred-jay-709233.hostingersite.com\/sv\/wp-json\/wp\/v2\/users\/3"}],"replies":[{"embeddable":true,"href":"https:\/\/mediumvioletred-jay-709233.hostingersite.com\/sv\/wp-json\/wp\/v2\/comments?post=19"}],"version-history":[{"count":22,"href":"https:\/\/mediumvioletred-jay-709233.hostingersite.com\/sv\/wp-json\/wp\/v2\/pages\/19\/revisions"}],"predecessor-version":[{"id":896,"href":"https:\/\/mediumvioletred-jay-709233.hostingersite.com\/sv\/wp-json\/wp\/v2\/pages\/19\/revisions\/896"}],"wp:attachment":[{"href":"https:\/\/mediumvioletred-jay-709233.hostingersite.com\/sv\/wp-json\/wp\/v2\/media?parent=19"}],"curies":[{"name":"wp","href":"https:\/\/api.w.org\/{rel}","templated":true}]}}